{"id":569,"date":"2025-10-25T07:46:52","date_gmt":"2025-10-25T04:46:52","guid":{"rendered":"https:\/\/bimagaza-avm.bikurumsal.com\/?post_type=product&#038;p=569"},"modified":"2025-10-25T08:03:36","modified_gmt":"2025-10-25T05:03:36","slug":"numara-levhasi-apartman-isyeri-bahce-numarasi","status":"publish","type":"product","link":"https:\/\/bimagaza-avm.bikurumsal.com\/index.php\/urun\/numara-levhasi-apartman-isyeri-bahce-numarasi\/","title":{"rendered":"Numara Levhas\u0131 &#8211; Apartman &#8211; \u0130\u015fyeri &#8211; Bah\u00e7e Numaras\u0131"},"content":{"rendered":"<p>Bina ve parsel D\u00fczeninde Kap\u0131 Numara Levhas\u0131<br \/>\n\u00dcr\u00fcn zemin malzemesi Al\u00fcminyum Kompozit (Alikobant)<br \/>\n\u00dcr\u00fcn Yaz\u0131 k\u0131sm\u0131 Folyo Uygulamad\u0131r.<\/p>\n<p>\u00d6l\u00e7\u00fcler<\/p>\n<p>10cm x 10cm x 4mm<br \/>\n15cm x 15cm x 4mm<br \/>\n20cm x 20cm x 4mm<\/p>\n<p>\u00dcr\u00fcn \u00dczerine Sizin Belirtece\u011finiz Yaz\u0131 Yaz\u0131larak Haz\u0131rlan\u0131p G\u00f6nderilmektedir.<\/p>\n<p>&nbsp;<\/p>\n<div id=\"attachment_571\" style=\"width: 310px\" class=\"wp-caption alignnone\"><img decoding=\"async\" aria-describedby=\"caption-attachment-571\" class=\"size-medium wp-image-571\" src=\"https:\/\/bimagaza-avm.bikurumsal.com\/wp-content\/uploads\/2025\/10\/brt-nl-a1001-2-300x135.jpg\" alt=\"Numara Levhas\u0131 Ebatlar\u0131\" width=\"300\" height=\"135\" srcset=\"https:\/\/bimagaza-avm.bikurumsal.com\/wp-content\/uploads\/2025\/10\/brt-nl-a1001-2-300x135.jpg 300w, https:\/\/bimagaza-avm.bikurumsal.com\/wp-content\/uploads\/2025\/10\/brt-nl-a1001-2-1024x462.jpg 1024w, https:\/\/bimagaza-avm.bikurumsal.com\/wp-content\/uploads\/2025\/10\/brt-nl-a1001-2-768x347.jpg 768w, https:\/\/bimagaza-avm.bikurumsal.com\/wp-content\/uploads\/2025\/10\/brt-nl-a1001-2-1536x693.jpg 1536w, https:\/\/bimagaza-avm.bikurumsal.com\/wp-content\/uploads\/2025\/10\/brt-nl-a1001-2-600x271.jpg 600w, https:\/\/bimagaza-avm.bikurumsal.com\/wp-content\/uploads\/2025\/10\/brt-nl-a1001-2.jpg 1848w\" sizes=\"(max-width: 300px) 100vw, 300px\" \/><p id=\"caption-attachment-571\" class=\"wp-caption-text\">Numara Levhas\u0131 Ebatlar\u0131<\/p><\/div>\n","protected":false},"excerpt":{"rendered":"<p>Bina ve parsel D\u00fczeninde Kap\u0131 Numara Levhas\u0131<br \/>\n\u00dcr\u00fcn zemin malzemesi Al\u00fcminyum Kompozit (Alikobant)<br \/>\n\u00dcr\u00fcn Yaz\u0131 k\u0131sm\u0131 Folyo Uygulamad\u0131r.<\/p>\n","protected":false},"featured_media":570,"comment_status":"open","ping_status":"closed","template":"","meta":[],"product_brand":[34],"product_cat":[41,43,42],"product_tag":[45,48,46,47,44],"class_list":{"0":"post-569","1":"product","2":"type-product","3":"status-publish","4":"has-post-thumbnail","6":"product_brand-bireklam-tabela","7":"product_cat-apartman-levhalari","8":"product_cat-levhalar","9":"product_cat-kucuk-levhalar","10":"product_tag-apartman-no","11":"product_tag-bahce-no","12":"product_tag-bina-no","13":"product_tag-isyeri-no","14":"product_tag-numara-levhasi","16":"first","17":"instock","18":"sale","19":"shipping-taxable","20":"purchasable","21":"product-type-variable"},"jetpack_sharing_enabled":true,"_links":{"self":[{"href":"https:\/\/bimagaza-avm.bikurumsal.com\/index.php\/wp-json\/wp\/v2\/product\/569","targetHints":{"allow":["GET"]}}],"collection":[{"href":"https:\/\/bimagaza-avm.bikurumsal.com\/index.php\/wp-json\/wp\/v2\/product"}],"about":[{"href":"https:\/\/bimagaza-avm.bikurumsal.com\/index.php\/wp-json\/wp\/v2\/types\/product"}],"replies":[{"embeddable":true,"href":"https:\/\/bimagaza-avm.bikurumsal.com\/index.php\/wp-json\/wp\/v2\/comments?post=569"}],"wp:featuredmedia":[{"embeddable":true,"href":"https:\/\/bimagaza-avm.bikurumsal.com\/index.php\/wp-json\/wp\/v2\/media\/570"}],"wp:attachment":[{"href":"https:\/\/bimagaza-avm.bikurumsal.com\/index.php\/wp-json\/wp\/v2\/media?parent=569"}],"wp:term":[{"taxonomy":"product_brand","embeddable":true,"href":"https:\/\/bimagaza-avm.bikurumsal.com\/index.php\/wp-json\/wp\/v2\/product_brand?post=569"},{"taxonomy":"product_cat","embeddable":true,"href":"https:\/\/bimagaza-avm.bikurumsal.com\/index.php\/wp-json\/wp\/v2\/product_cat?post=569"},{"taxonomy":"product_tag","embeddable":true,"href":"https:\/\/bimagaza-avm.bikurumsal.com\/index.php\/wp-json\/wp\/v2\/product_tag?post=569"}],"curies":[{"name":"wp","href":"https:\/\/api.w.org\/{rel}","templated":true}]}}